{"id":289,"date":"2024-01-11T17:42:36","date_gmt":"2024-01-11T17:42:36","guid":{"rendered":"https:\/\/kaheksas.ee\/?page_id=289"},"modified":"2024-01-13T15:04:08","modified_gmt":"2024-01-13T15:04:08","slug":"komoodia-ohtusook-tigran-gevorkjaniga","status":"publish","type":"page","link":"https:\/\/www.kaheksas.ee\/en\/komoodia-ohtusook-tigran-gevorkjaniga\/","title":{"rendered":"Kom\u00f6\u00f6dia \u00f5htus\u00f6\u00f6k Tigran Gevorkjaniga"},"content":{"rendered":"<div data-elementor-type=\"wp-page\" data-elementor-id=\"289\" class=\"elementor elementor-289\">\n\t\t\t\t<div class=\"elementor-element elementor-element-a2d350a e-con-full e-flex e-con e-parent\" data-id=\"a2d350a\" data-element_type=\"container\" data-settings=\"{&quot;background_background&quot;:&quot;classic&quot;}\">\n\t\t<div class=\"elementor-element elementor-element-670f978 e-flex e-con-boxed e-con e-child\" data-id=\"670f978\" data-element_type=\"container\">\n\t\t\t\t\t<div class=\"e-con-inner\">\n\t\t\t\t<div class=\"elementor-element elementor-element-1936dbc elementor-invisible elementor-widget elementor-widget-heading\" data-id=\"1936dbc\" data-element_type=\"widget\" data-settings=\"{&quot;_animation&quot;:&quot;fadeIn&quot;}\" data-widget_type=\"heading.default\">\n\t\t\t\t<div class=\"elementor-widget-container\">\n\t\t\t\t\t<h2 class=\"elementor-heading-title elementor-size-default\">24.jaanuar 2024 kell 20:00<br>Kom\u00f6\u00f6dia \u00f5htus\u00f6\u00f6k<br>Tigran Gevorkjaniga<\/h2>\t\t\t\t<\/div>\n\t\t\t\t<\/div>\n\t\t\t\t\t<\/div>\n\t\t\t\t<\/div>\n\t\t<div class=\"elementor-element elementor-element-1f9c734 e-flex e-con-boxed e-con e-child\" data-id=\"1f9c734\" data-element_type=\"container\">\n\t\t\t\t\t<div class=\"e-con-inner\">\n\t\t\t\t<div class=\"elementor-element elementor-element-bc4af0c elementor-align-center elementor-widget elementor-widget-button\" data-id=\"bc4af0c\" data-element_type=\"widget\" data-widget_type=\"button.default\">\n\t\t\t\t<div class=\"elementor-widget-container\">\n\t\t\t\t\t\t\t\t\t<div class=\"elementor-button-wrapper\">\n\t\t\t\t\t<a class=\"elementor-button elementor-button-link elementor-size-lg\" href=\"https:\/\/piletikeskus.ee\/pkco3x\">\n\t\t\t\t\t\t<span class=\"elementor-button-content-wrapper\">\n\t\t\t\t\t\t\t\t\t<span class=\"elementor-button-text\">Osta pilet<\/span>\n\t\t\t\t\t<\/span>\n\t\t\t\t\t<\/a>\n\t\t\t\t<\/div>\n\t\t\t\t\t\t\t\t<\/div>\n\t\t\t\t<\/div>\n\t\t\t\t\t<\/div>\n\t\t\t\t<\/div>\n\t\t\t\t<\/div>\n\t\t<div class=\"elementor-element elementor-element-2270dba e-flex e-con-boxed e-con e-parent\" data-id=\"2270dba\" data-element_type=\"container\">\n\t\t\t\t\t<div class=\"e-con-inner\">\n\t\t\t\t<div class=\"elementor-element elementor-element-e94ae03 elementor-widget elementor-widget-text-editor\" data-id=\"e94ae03\" data-element_type=\"widget\" data-widget_type=\"text-editor.default\">\n\t\t\t\t<div class=\"elementor-widget-container\">\n\t\t\t\t\t\t\t\t\t<p>N\u00fc\u00fcd on sul ainukordne v\u00f5imalus saada osa \u00f5htus\u00f6\u00f6gist, mis ei ole tavaline \u00f5htus\u00f6\u00f6k&#8230;<\/p><p>Meie oma rap&#8217;i ja muusikatalent ning kohe varsti 10 aastat stand up&#8217;i maastikul naerutanud ja kogenud <strong>Tigran Gevorkjan<\/strong> astub laudade vahel ringi ja r\u00e4\u00e4gib teile huumorit enda l\u00e4himinevikust.<br \/>Nali hakkab olema iga toiduk\u00e4igu vahel, seega olge mureta \u2013 \u00fckski hapukurk ega kartul kellegi kurku kinni ei j\u00e4\u00e4.<br \/>\u00dchtlasi soovitame olla valmis ka teistsuguseks plot twist atmosf\u00e4\u00e4riks, kus Tigran v\u00f5ib teha natukene halba teenindust.<\/p><p>Istekohad on piiratud, ole kiire!<\/p><p>Lisaks naljale, pakume ka suurep\u00e4rast hispaaniap\u00e4rast viiek\u00e4igulist \u00f5htus\u00f6\u00f6ki spetsiaalselt valitud jookidega.<\/p><p>Men\u00fc\u00fcga tutvu siin:<\/p>\t\t\t\t\t\t\t\t<\/div>\n\t\t\t\t<\/div>\n\t\t\t\t\t<\/div>\n\t\t\t\t<\/div>\n\t\t<div class=\"elementor-element elementor-element-b612857 e-flex e-con-boxed e-con e-parent\" data-id=\"b612857\" data-element_type=\"container\">\n\t\t\t\t\t<div class=\"e-con-inner\">\n\t\t\t\t<div class=\"elementor-element elementor-element-418d067 elementor-widget elementor-widget-image\" data-id=\"418d067\" data-element_type=\"widget\" data-widget_type=\"image.default\">\n\t\t\t\t<div class=\"elementor-widget-container\">\n\t\t\t\t\t\t\t\t\t\t\t\t\t\t\t\t<a href=\"https:\/\/kaheksas.ee\/wp-content\/uploads\/2024\/01\/24.01-Ohtusoogi-menuu-logota-2-1.png\" data-elementor-open-lightbox=\"yes\" data-e-action-hash=\"#elementor-action%3Aaction%3Dlightbox%26settings%3DeyJpZCI6MzA3LCJ1cmwiOiJodHRwczpcL1wvd3d3LmthaGVrc2FzLmVlXC93cC1jb250ZW50XC91cGxvYWRzXC8yMDI0XC8wMVwvMjQuMDEtT2h0dXNvb2dpLW1lbnV1LWxvZ290YS0yLTEucG5nIn0%3D\">\n\t\t\t\t\t\t\t<img fetchpriority=\"high\" decoding=\"async\" width=\"1414\" height=\"2000\" src=\"https:\/\/www.kaheksas.ee\/wp-content\/uploads\/2024\/01\/24.01-Ohtusoogi-menuu-logota-2-1.png\" class=\"attachment-full size-full wp-image-307\" alt=\"\" srcset=\"https:\/\/www.kaheksas.ee\/wp-content\/uploads\/2024\/01\/24.01-Ohtusoogi-menuu-logota-2-1.png 1414w, https:\/\/www.kaheksas.ee\/wp-content\/uploads\/2024\/01\/24.01-Ohtusoogi-menuu-logota-2-1-212x300.png 212w, https:\/\/www.kaheksas.ee\/wp-content\/uploads\/2024\/01\/24.01-Ohtusoogi-menuu-logota-2-1-724x1024.png 724w, https:\/\/www.kaheksas.ee\/wp-content\/uploads\/2024\/01\/24.01-Ohtusoogi-menuu-logota-2-1-768x1086.png 768w, https:\/\/www.kaheksas.ee\/wp-content\/uploads\/2024\/01\/24.01-Ohtusoogi-menuu-logota-2-1-1086x1536.png 1086w\" sizes=\"(max-width: 1414px) 100vw, 1414px\" \/>\t\t\t\t\t\t\t\t<\/a>\n\t\t\t\t\t\t\t\t\t\t\t\t\t\t\t<\/div>\n\t\t\t\t<\/div>\n\t\t\t\t\t<\/div>\n\t\t\t\t<\/div>\n\t\t<div class=\"elementor-element elementor-element-f4a0ce3 e-flex e-con-boxed e-con e-parent\" data-id=\"f4a0ce3\" data-element_type=\"container\">\n\t\t\t\t\t<div class=\"e-con-inner\">\n\t\t\t\t<div class=\"elementor-element elementor-element-f37cf02 elementor-widget elementor-widget-text-editor\" data-id=\"f37cf02\" data-element_type=\"widget\" data-widget_type=\"text-editor.default\">\n\t\t\t\t<div class=\"elementor-widget-container\">\n\t\t\t\t\t\t\t\t\t<p>Peale pileti ostu palume broneerida laud broneerimiss\u00fcsteemi kaudu, meile <a href=\"mailto:info@kaheksas.ee\" target=\"_blank\" rel=\"noopener\">kirjutades<\/a> v\u00f5i <a href=\"tel:+37258868213\" target=\"_blank\" rel=\"noopener\">helistades<\/a>!<\/p>\t\t\t\t\t\t\t\t<\/div>\n\t\t\t\t<\/div>\n\t\t<div class=\"elementor-element elementor-element-d425fff e-flex e-con-boxed e-con e-child\" data-id=\"d425fff\" data-element_type=\"container\">\n\t\t\t\t\t<div class=\"e-con-inner\">\n\t\t\t\t<div class=\"elementor-element elementor-element-aecb632 elementor-align-center elementor-widget elementor-widget-button\" data-id=\"aecb632\" data-element_type=\"widget\" data-widget_type=\"button.default\">\n\t\t\t\t<div class=\"elementor-widget-container\">\n\t\t\t\t\t\t\t\t\t<div class=\"elementor-button-wrapper\">\n\t\t\t\t\t<a class=\"elementor-button elementor-button-link elementor-size-lg\" href=\"https:\/\/piletikeskus.ee\/pkco3x\">\n\t\t\t\t\t\t<span class=\"elementor-button-content-wrapper\">\n\t\t\t\t\t\t\t\t\t<span class=\"elementor-button-text\">Osta pilet<\/span>\n\t\t\t\t\t<\/span>\n\t\t\t\t\t<\/a>\n\t\t\t\t<\/div>\n\t\t\t\t\t\t\t\t<\/div>\n\t\t\t\t<\/div>\n\t\t\t\t\t<\/div>\n\t\t\t\t<\/div>\n\t\t\t\t\t<\/div>\n\t\t\t\t<\/div>\n\t\t\t\t<\/div>","protected":false},"excerpt":{"rendered":"<p>24.jaanuar 2024 kell 20:00Kom\u00f6\u00f6dia \u00f5htus\u00f6\u00f6kTigran Gevorkjaniga Osta pilet N\u00fc\u00fcd on sul ainukordne v\u00f5imalus saada osa \u00f5htus\u00f6\u00f6gist, mis ei ole tavaline \u00f5htus\u00f6\u00f6k&#8230; Meie oma rap&#8217;i ja muusikatalent ning kohe varsti 10 aastat stand up&#8217;i maastikul naerutanud ja kogenud Tigran Gevorkjan astub laudade vahel ringi ja r\u00e4\u00e4gib teile huumorit enda l\u00e4himinevikust.Nali hakkab olema iga toiduk\u00e4igu vahel, seega [&hellip;]<\/p>","protected":false},"author":1,"featured_media":0,"parent":0,"menu_order":0,"comment_status":"closed","ping_status":"closed","template":"","meta":{"site-sidebar-layout":"no-sidebar","site-content-layout":"","ast-site-content-layout":"full-width-container","site-content-style":"default","site-sidebar-style":"default","ast-global-header-display":"","ast-banner-title-visibility":"","ast-main-header-display":"","ast-hfb-above-header-display":"","ast-hfb-below-header-display":"","ast-hfb-mobile-header-display":"","site-post-title":"disabled","ast-breadcrumbs-content":"","ast-featured-img":"disabled","footer-sml-layout":"","ast-disable-related-posts":"","theme-transparent-header-meta":"default","adv-header-id-meta":"","stick-header-meta":"","header-above-stick-meta":"","header-main-stick-meta":"","header-below-stick-meta":"","astra-migrate-meta-layouts":"set","ast-page-background-enabled":"default","ast-page-background-meta":{"desktop":{"background-color":"var(--ast-global-color-4)","background-image":"","background-repeat":"repeat","background-position":"center center","background-size":"auto","background-attachment":"scroll","background-type":"","background-media":"","overlay-type":"","overlay-color":"","overlay-opacity":"","overlay-gradient":""},"tablet":{"background-color":"","background-image":"","background-repeat":"repeat","background-position":"center center","background-size":"auto","background-attachment":"scroll","background-type":"","background-media":"","overlay-type":"","overlay-color":"","overlay-opacity":"","overlay-gradient":""},"mobile":{"background-color":"","background-image":"","background-repeat":"repeat","background-position":"center center","background-size":"auto","background-attachment":"scroll","background-type":"","background-media":"","overlay-type":"","overlay-color":"","overlay-opacity":"","overlay-gradient":""}},"ast-content-background-meta":{"desktop":{"background-color":"var(--ast-global-color-5)","background-image":"","background-repeat":"repeat","background-position":"center center","background-size":"auto","background-attachment":"scroll","background-type":"","background-media":"","overlay-type":"","overlay-color":"","overlay-opacity":"","overlay-gradient":""},"tablet":{"background-color":"var(--ast-global-color-5)","background-image":"","background-repeat":"repeat","background-position":"center center","background-size":"auto","background-attachment":"scroll","background-type":"","background-media":"","overlay-type":"","overlay-color":"","overlay-opacity":"","overlay-gradient":""},"mobile":{"background-color":"var(--ast-global-color-5)","background-image":"","background-repeat":"repeat","background-position":"center center","background-size":"auto","background-attachment":"scroll","background-type":"","background-media":"","overlay-type":"","overlay-color":"","overlay-opacity":"","overlay-gradient":""}},"footnotes":""},"class_list":["post-289","page","type-page","status-publish","hentry"],"yoast_head":"<!-- This site is optimized with the Yoast SEO plugin v26.7 - https:\/\/yoast.com\/wordpress\/plugins\/seo\/ -->\n<title>Kom\u00f6\u00f6dia \u00f5htus\u00f6\u00f6k Tigran Gevorkjaniga &#8226; Kaheksa<\/title>\n<meta name=\"robots\" content=\"index, follow, max-snippet:-1, max-image-preview:large, max-video-preview:-1\" \/>\n<link rel=\"canonical\" href=\"https:\/\/www.kaheksas.ee\/en\/komoodia-ohtusook-tigran-gevorkjaniga\/\" \/>\n<meta property=\"og:locale\" content=\"en_GB\" \/>\n<meta property=\"og:type\" content=\"article\" \/>\n<meta property=\"og:title\" content=\"Kom\u00f6\u00f6dia \u00f5htus\u00f6\u00f6k Tigran Gevorkjaniga\" \/>\n<meta property=\"og:description\" content=\"24.jaanuar 2024 kell 20:00Kom\u00f6\u00f6dia \u00f5htus\u00f6\u00f6kTigran Gevorkjaniga Osta pilet N\u00fc\u00fcd on sul ainukordne v\u00f5imalus saada osa \u00f5htus\u00f6\u00f6gist, mis ei ole tavaline \u00f5htus\u00f6\u00f6k&#8230; Meie oma rap&#8217;i ja muusikatalent ning kohe varsti 10 aastat stand up&#8217;i maastikul naerutanud ja kogenud Tigran Gevorkjan astub laudade vahel ringi ja r\u00e4\u00e4gib teile huumorit enda l\u00e4himinevikust.Nali hakkab olema iga toiduk\u00e4igu vahel, seega [&hellip;]\" \/>\n<meta property=\"og:url\" content=\"https:\/\/www.kaheksas.ee\/en\/komoodia-ohtusook-tigran-gevorkjaniga\/\" \/>\n<meta property=\"og:site_name\" content=\"Kaheksa\" \/>\n<meta property=\"article:modified_time\" content=\"2024-01-13T15:04:08+00:00\" \/>\n<meta property=\"og:image\" content=\"https:\/\/www.kaheksas.ee\/wp-content\/uploads\/2024\/01\/IMG-P.Reidak-13-scaled.jpg\" \/>\n\t<meta property=\"og:image:width\" content=\"2560\" \/>\n\t<meta property=\"og:image:height\" content=\"1707\" \/>\n\t<meta property=\"og:image:type\" content=\"image\/jpeg\" \/>\n<meta name=\"twitter:card\" content=\"summary_large_image\" \/>\n<meta name=\"twitter:label1\" content=\"Estimated reading time\" \/>\n\t<meta name=\"twitter:data1\" content=\"1 minute\" \/>\n<script type=\"application\/ld+json\" class=\"yoast-schema-graph\">{\"@context\":\"https:\/\/schema.org\",\"@graph\":[{\"@type\":\"WebPage\",\"@id\":\"https:\/\/www.kaheksas.ee\/en\/komoodia-ohtusook-tigran-gevorkjaniga\/\",\"url\":\"https:\/\/www.kaheksas.ee\/en\/komoodia-ohtusook-tigran-gevorkjaniga\/\",\"name\":\"Kom\u00f6\u00f6dia \u00f5htus\u00f6\u00f6k Tigran Gevorkjaniga &#8226; Kaheksa\",\"isPartOf\":{\"@id\":\"https:\/\/kaheksas.ee\/#website\"},\"primaryImageOfPage\":{\"@id\":\"https:\/\/www.kaheksas.ee\/en\/komoodia-ohtusook-tigran-gevorkjaniga\/#primaryimage\"},\"image\":{\"@id\":\"https:\/\/www.kaheksas.ee\/en\/komoodia-ohtusook-tigran-gevorkjaniga\/#primaryimage\"},\"thumbnailUrl\":\"https:\/\/kaheksas.ee\/wp-content\/uploads\/2024\/01\/24.01-Ohtusoogi-menuu-logota-2-1.png\",\"datePublished\":\"2024-01-11T17:42:36+00:00\",\"dateModified\":\"2024-01-13T15:04:08+00:00\",\"breadcrumb\":{\"@id\":\"https:\/\/www.kaheksas.ee\/en\/komoodia-ohtusook-tigran-gevorkjaniga\/#breadcrumb\"},\"inLanguage\":\"en-GB\",\"potentialAction\":[{\"@type\":\"ReadAction\",\"target\":[\"https:\/\/www.kaheksas.ee\/en\/komoodia-ohtusook-tigran-gevorkjaniga\/\"]}]},{\"@type\":\"ImageObject\",\"inLanguage\":\"en-GB\",\"@id\":\"https:\/\/www.kaheksas.ee\/en\/komoodia-ohtusook-tigran-gevorkjaniga\/#primaryimage\",\"url\":\"https:\/\/kaheksas.ee\/wp-content\/uploads\/2024\/01\/24.01-Ohtusoogi-menuu-logota-2-1.png\",\"contentUrl\":\"https:\/\/kaheksas.ee\/wp-content\/uploads\/2024\/01\/24.01-Ohtusoogi-menuu-logota-2-1.png\"},{\"@type\":\"BreadcrumbList\",\"@id\":\"https:\/\/www.kaheksas.ee\/en\/komoodia-ohtusook-tigran-gevorkjaniga\/#breadcrumb\",\"itemListElement\":[{\"@type\":\"ListItem\",\"position\":1,\"name\":\"Home\",\"item\":\"https:\/\/kaheksas.ee\/\"},{\"@type\":\"ListItem\",\"position\":2,\"name\":\"Kom\u00f6\u00f6dia \u00f5htus\u00f6\u00f6k Tigran Gevorkjaniga\"}]},{\"@type\":\"WebSite\",\"@id\":\"https:\/\/kaheksas.ee\/#website\",\"url\":\"https:\/\/kaheksas.ee\/\",\"name\":\"Kaheksa\",\"description\":\"\",\"publisher\":{\"@id\":\"https:\/\/kaheksas.ee\/#organization\"},\"potentialAction\":[{\"@type\":\"SearchAction\",\"target\":{\"@type\":\"EntryPoint\",\"urlTemplate\":\"https:\/\/kaheksas.ee\/?s={search_term_string}\"},\"query-input\":{\"@type\":\"PropertyValueSpecification\",\"valueRequired\":true,\"valueName\":\"search_term_string\"}}],\"inLanguage\":\"en-GB\"},{\"@type\":\"Organization\",\"@id\":\"https:\/\/kaheksas.ee\/#organization\",\"name\":\"Kaheksa\",\"url\":\"https:\/\/kaheksas.ee\/\",\"logo\":{\"@type\":\"ImageObject\",\"inLanguage\":\"en-GB\",\"@id\":\"https:\/\/kaheksas.ee\/#\/schema\/logo\/image\/\",\"url\":\"https:\/\/kaheksas.ee\/wp-content\/uploads\/2023\/11\/8ring.png\",\"contentUrl\":\"https:\/\/kaheksas.ee\/wp-content\/uploads\/2023\/11\/8ring.png\",\"width\":1501,\"height\":1501,\"caption\":\"Kaheksa\"},\"image\":{\"@id\":\"https:\/\/kaheksas.ee\/#\/schema\/logo\/image\/\"}}]}<\/script>\n<!-- \/ Yoast SEO plugin. -->","yoast_head_json":{"title":"Kom\u00f6\u00f6dia \u00f5htus\u00f6\u00f6k Tigran Gevorkjaniga &#8226; Kaheksa","robots":{"index":"index","follow":"follow","max-snippet":"max-snippet:-1","max-image-preview":"max-image-preview:large","max-video-preview":"max-video-preview:-1"},"canonical":"https:\/\/www.kaheksas.ee\/en\/komoodia-ohtusook-tigran-gevorkjaniga\/","og_locale":"en_GB","og_type":"article","og_title":"Kom\u00f6\u00f6dia \u00f5htus\u00f6\u00f6k Tigran Gevorkjaniga","og_description":"24.jaanuar 2024 kell 20:00Kom\u00f6\u00f6dia \u00f5htus\u00f6\u00f6kTigran Gevorkjaniga Osta pilet N\u00fc\u00fcd on sul ainukordne v\u00f5imalus saada osa \u00f5htus\u00f6\u00f6gist, mis ei ole tavaline \u00f5htus\u00f6\u00f6k&#8230; Meie oma rap&#8217;i ja muusikatalent ning kohe varsti 10 aastat stand up&#8217;i maastikul naerutanud ja kogenud Tigran Gevorkjan astub laudade vahel ringi ja r\u00e4\u00e4gib teile huumorit enda l\u00e4himinevikust.Nali hakkab olema iga toiduk\u00e4igu vahel, seega [&hellip;]","og_url":"https:\/\/www.kaheksas.ee\/en\/komoodia-ohtusook-tigran-gevorkjaniga\/","og_site_name":"Kaheksa","article_modified_time":"2024-01-13T15:04:08+00:00","og_image":[{"width":2560,"height":1707,"url":"https:\/\/www.kaheksas.ee\/wp-content\/uploads\/2024\/01\/IMG-P.Reidak-13-scaled.jpg","type":"image\/jpeg"}],"twitter_card":"summary_large_image","twitter_misc":{"Estimated reading time":"1 minute"},"schema":{"@context":"https:\/\/schema.org","@graph":[{"@type":"WebPage","@id":"https:\/\/www.kaheksas.ee\/en\/komoodia-ohtusook-tigran-gevorkjaniga\/","url":"https:\/\/www.kaheksas.ee\/en\/komoodia-ohtusook-tigran-gevorkjaniga\/","name":"Kom\u00f6\u00f6dia \u00f5htus\u00f6\u00f6k Tigran Gevorkjaniga &#8226; Kaheksa","isPartOf":{"@id":"https:\/\/kaheksas.ee\/#website"},"primaryImageOfPage":{"@id":"https:\/\/www.kaheksas.ee\/en\/komoodia-ohtusook-tigran-gevorkjaniga\/#primaryimage"},"image":{"@id":"https:\/\/www.kaheksas.ee\/en\/komoodia-ohtusook-tigran-gevorkjaniga\/#primaryimage"},"thumbnailUrl":"https:\/\/kaheksas.ee\/wp-content\/uploads\/2024\/01\/24.01-Ohtusoogi-menuu-logota-2-1.png","datePublished":"2024-01-11T17:42:36+00:00","dateModified":"2024-01-13T15:04:08+00:00","breadcrumb":{"@id":"https:\/\/www.kaheksas.ee\/en\/komoodia-ohtusook-tigran-gevorkjaniga\/#breadcrumb"},"inLanguage":"en-GB","potentialAction":[{"@type":"ReadAction","target":["https:\/\/www.kaheksas.ee\/en\/komoodia-ohtusook-tigran-gevorkjaniga\/"]}]},{"@type":"ImageObject","inLanguage":"en-GB","@id":"https:\/\/www.kaheksas.ee\/en\/komoodia-ohtusook-tigran-gevorkjaniga\/#primaryimage","url":"https:\/\/kaheksas.ee\/wp-content\/uploads\/2024\/01\/24.01-Ohtusoogi-menuu-logota-2-1.png","contentUrl":"https:\/\/kaheksas.ee\/wp-content\/uploads\/2024\/01\/24.01-Ohtusoogi-menuu-logota-2-1.png"},{"@type":"BreadcrumbList","@id":"https:\/\/www.kaheksas.ee\/en\/komoodia-ohtusook-tigran-gevorkjaniga\/#breadcrumb","itemListElement":[{"@type":"ListItem","position":1,"name":"Home","item":"https:\/\/kaheksas.ee\/"},{"@type":"ListItem","position":2,"name":"Kom\u00f6\u00f6dia \u00f5htus\u00f6\u00f6k Tigran Gevorkjaniga"}]},{"@type":"WebSite","@id":"https:\/\/kaheksas.ee\/#website","url":"https:\/\/kaheksas.ee\/","name":"Kaheksa","description":"","publisher":{"@id":"https:\/\/kaheksas.ee\/#organization"},"potentialAction":[{"@type":"SearchAction","target":{"@type":"EntryPoint","urlTemplate":"https:\/\/kaheksas.ee\/?s={search_term_string}"},"query-input":{"@type":"PropertyValueSpecification","valueRequired":true,"valueName":"search_term_string"}}],"inLanguage":"en-GB"},{"@type":"Organization","@id":"https:\/\/kaheksas.ee\/#organization","name":"Kaheksa","url":"https:\/\/kaheksas.ee\/","logo":{"@type":"ImageObject","inLanguage":"en-GB","@id":"https:\/\/kaheksas.ee\/#\/schema\/logo\/image\/","url":"https:\/\/kaheksas.ee\/wp-content\/uploads\/2023\/11\/8ring.png","contentUrl":"https:\/\/kaheksas.ee\/wp-content\/uploads\/2023\/11\/8ring.png","width":1501,"height":1501,"caption":"Kaheksa"},"image":{"@id":"https:\/\/kaheksas.ee\/#\/schema\/logo\/image\/"}}]}},"_links":{"self":[{"href":"https:\/\/www.kaheksas.ee\/en\/wp-json\/wp\/v2\/pages\/289","targetHints":{"allow":["GET"]}}],"collection":[{"href":"https:\/\/www.kaheksas.ee\/en\/wp-json\/wp\/v2\/pages"}],"about":[{"href":"https:\/\/www.kaheksas.ee\/en\/wp-json\/wp\/v2\/types\/page"}],"author":[{"embeddable":true,"href":"https:\/\/www.kaheksas.ee\/en\/wp-json\/wp\/v2\/users\/1"}],"replies":[{"embeddable":true,"href":"https:\/\/www.kaheksas.ee\/en\/wp-json\/wp\/v2\/comments?post=289"}],"version-history":[{"count":5,"href":"https:\/\/www.kaheksas.ee\/en\/wp-json\/wp\/v2\/pages\/289\/revisions"}],"predecessor-version":[{"id":310,"href":"https:\/\/www.kaheksas.ee\/en\/wp-json\/wp\/v2\/pages\/289\/revisions\/310"}],"wp:attachment":[{"href":"https:\/\/www.kaheksas.ee\/en\/wp-json\/wp\/v2\/media?parent=289"}],"curies":[{"name":"wp","href":"https:\/\/api.w.org\/{rel}","templated":true}]}}